{"id":334,"date":"2018-05-29T16:30:23","date_gmt":"2018-05-29T14:30:23","guid":{"rendered":"http:\/\/www.pti-italia.com\/?page_id=334"},"modified":"2019-07-25T16:17:31","modified_gmt":"2019-07-25T14:17:31","slug":"privacy-cookie","status":"publish","type":"page","link":"https:\/\/www.pti-italia.com\/it\/privacy-cookie\/","title":{"rendered":"Privacy e Cookies"},"content":{"rendered":"<p><span>INFORMATIVA PER IL TRATTAMENTO DEI DATI PERSONALI<\/span><\/p>\n<ul>\n<li><a href=\"https:\/\/www.privacylab.it\/informativa.php?11242372362\" target=\"_blank\" rel=\"noopener\">Informativa Agenti e Rappresentanti<\/a><\/li>\n<li><a href=\"https:\/\/www.privacylab.it\/informativa.php?11242351698\" target=\"_blank\" rel=\"noopener\">Informativa Candidati da considerare per l&#8217;instaurazione di un rapporto di lavoro<\/a><\/li>\n<li><a href=\"https:\/\/www.privacylab.it\/informativa.php?11242351701\" target=\"_blank\" rel=\"noopener\">Informativa Clienti<\/a><\/li>\n<li><a href=\"https:\/\/www.privacylab.it\/informativa.php?11242372363\" target=\"_blank\" rel=\"noopener\">Informativa Consulenti e Liberi Professionisti, anche in forma associata<\/a><\/li>\n<li><a href=\"https:\/\/www.privacylab.it\/informativa.php?11242375228\" target=\"_blank\" rel=\"noopener\">Informativa Dati provenienti da Form Contatti<\/a><\/li>\n<li><a href=\"https:\/\/www.privacylab.it\/informativa.php?11242351700\" target=\"_blank\" rel=\"noopener\">Informativa Dipendenti e Personale Parasubordinato<\/a><\/li>\n<li><a href=\"https:\/\/www.privacylab.it\/informativa.php?11242351696\" target=\"_blank\" rel=\"noopener\">Informativa Fornitori<\/a><\/li>\n<li><a href=\"https:\/\/www.privacylab.it\/informativa.php?11242351699\" target=\"_blank\" rel=\"noopener\">Informativa Navigatori Sito Internet<\/a><\/li>\n<li><a href=\"https:\/\/www.privacylab.it\/informativa.php?11242351702\" target=\"_blank\" rel=\"noopener\">Informativa Potenziali Clienti<\/a><\/li>\n<li><a href=\"https:\/\/www.privacylab.it\/informativa.php?11242351703\" target=\"_blank\" rel=\"noopener\">Informativa Referenti presso Aziende Clienti<\/a><\/li>\n<li><a href=\"https:\/\/www.privacylab.it\/informativa.php?11242351697\" target=\"_blank\" rel=\"noopener\">Informativa Referenti presso Aziende Fornitrici<\/a><\/li>\n<li><a href=\"https:\/\/www.privacylab.it\/informativa.php?11242372365\" target=\"_blank\" rel=\"noopener\">Informativa Scolari e Studenti<\/a><\/li>\n<\/ul>\n<p><span>Codice della privacy &#8211; d.lgs. 30.6.2003, n. 196 \u2013 Art. 13 \u2013 Regolamento UE 679\/2016 sul trattamento dei dati personali \u2013 Art. 13<\/span><\/p>\n<p><b>PTI ITALIA SRL\u00a0<\/b>&#8211; <span>Via Roma, 74\u00a0<\/span><span>20060 Cassina De&#8217; Pecchi (Mi)<\/span> , CF e P.IVA\u00a0 <span>07991270963\u00a0<\/span>(in seguito, \u201cTitolare\u201d), in qualit\u00e0 di titolare del trattamento, La informa ai sensi dell\u2019art. 13 D.Lgs. 30.6.2003 n. 196 (in seguito, \u201cCodice Privacy\u201d) e dell\u2019art. 13 Regolamento UE n. 2016\/679 (in seguito, \u201cGDPR\u201d) che i Suoi dati saranno trattati con le modalit\u00e0 e per le finalit\u00e0 seguenti.<\/p>\n<p><span>Per trattamento di dati personali si intende qualsiasi operazione o insieme di operazioni, compiute con o senza l\u2019ausilio di processi automatizzati e applicate a dati personali o insiemi di dati personali, anche se non registrati in una banca di dati, come la raccolta, la registrazione, l\u2019organizzazione, la strutturazione, la conservazione, l\u2019elaborazione, la selezione, il blocco, l\u2019adattamento o la modifica, l\u2019estrazione, la consultazione, l\u2019uso, la comunicazione mediante trasmissione, la diffusione o qualsiasi altra forma di messa a disposizione, il raffronto o l\u2019interconnessione, la limitazione, la cancellazione o la distruzione.<\/span><\/p>\n<p><span>I dati verranno trattati per le seguenti finalit\u00e0, in via manuale e\/o con il supporto di mezzi informatici o telematici.<\/span><\/p>\n<p><span>1. Oggetto e base giuridica del Trattamento<\/span><\/p>\n<p><span>Il Titolare tratta i dati personali, identificativi (ad esempio, nome, cognome, ragione sociale, indirizzo, telefono, e-mail, riferimenti bancari e di pagamento) \u2013 in seguito, \u201cdati personali\u201d o anche \u201cdati\u201d \u2013 da Lei comunicati, in occasione della conclusione di contratti o per le registrazioni via Web ai servizi del Titolare.<\/span><\/p>\n<p><span>2. Finalit\u00e0 del trattamento<\/span><\/p>\n<p><span>I Suoi dati personali sono trattati:<br \/>\n<strong>A)<\/strong>\u00a0senza il Suo consenso espresso (art. 24 lett. a), b), c) Codice Privacy e art. 6 lett. b), e) GDPR), per le seguenti Finalit\u00e0 di Servizio:<\/span><\/p>\n<div>\n<ul>\n<li><span>concludere i contratti per i servizi e prodotti del Titolare;<\/span><\/li>\n<li><span>adempiere agli obblighi precontrattuali, contrattuali e fiscali derivanti da rapporti con Lei in essere;<\/span><\/li>\n<li><span>adempiere agli obblighi previsti dalla legge, da un regolamento, dalla normativa comunitaria o da un ordine dell\u2019Autorit\u00e0 (come ad esempio in materia di antiriciclaggio);<\/span><\/li>\n<li><span>esercitare i diritti del Titolare, ad esempio il diritto di difesa in giudizio.<\/span><\/li>\n<li><span>inviarLe via e-mail, posta, sms o contatti telefonici, newsletter, comunicazioni commerciali e informative su servizi e prodotti offerti da PTI Italia SRL o per rilevare il suo grado di soddisfazione.<\/span>\n<ul>\n<li><span>a dipendenti e collaboratori del Titolare, nella loro qualit\u00e0 di incaricati e\/o responsabili interni del trattamento e\/o amministratori di sistema;<\/span><\/li>\n<li><span>a societ\u00e0 terze o altri soggetti (a titolo indicativo, istituti di credito, studi professionali, consulenti, societ\u00e0 di assicurazione per la prestazione di servizi assicurativi, societ\u00e0 per i finanziamenti personali, Internet Service Provider, etc.) che svolgono attivit\u00e0 in outsourcing per conto del Titolare, nella loro qualit\u00e0 di responsabili esterni del trattamento;<\/span><\/li>\n<\/ul>\n<\/li>\n<\/ul>\n<\/div>\n<p><strong><span>B)<\/span><\/strong><span>\u00a0Solo previo Suo specifico e distinto consenso (artt. 23 e 130 Codice Privacy e art. 7 GDPR), per le seguenti Finalit\u00e0 di Marketing:<\/span><\/p>\n<p><span>Le segnaliamo che se siete gi\u00e0 nostri clienti, potremo inviarLe comunicazioni commerciali relative a servizi e prodotti del Titolare analoghi a quelli di cui ha gi\u00e0 usufruito, salvo Suo dissenso (art. 130 c. 4 Codice Privacy).<\/span><\/p>\n<p><span>3. Modalit\u00e0 di trattamento<\/span><\/p>\n<p><span>Il trattamento dei Suoi dati personali \u00e8 realizzato per mezzo delle operazioni indicate all\u2019art. 4 Codice Privacy e all\u2019art. 4 n. 2) GDPR e precisamente: raccolta, registrazione, organizzazione, conservazione, consultazione, elaborazione, modificazione, selezione, estrazione, raffronto, utilizzo, interconnessione, blocco, comunicazione, cancellazione e distruzione dei dati. I Suoi dati personali sono sottoposti a trattamento sia cartaceo che elettronico e\/o automatizzato.<br \/>\nIl Titolare tratter\u00e0 i dati personali per il tempo necessario per adempiere alle finalit\u00e0 di cui sopra e anche successivamente in adempimento degli obblighi di legge in materia di conservazione delle scritture contabili. Per il trattamento per Finalit\u00e0 di Marketing gli stessi saranno conservati nel rispetto del principio di proporzionalit\u00e0 e comunque fino a che non siano state perseguite le finalit\u00e0 del trattamento o fino a che non intervenga la revoca del consenso specifico da parte dell\u2019interessato.<\/span><\/p>\n<p><span>4. Accesso ai dati<\/span><\/p>\n<p><span>I Suoi dati potranno essere resi accessibili per le finalit\u00e0 di cui all\u2019art. 2.A) e 2.B):<\/span><\/p>\n<div><\/div>\n<p><span>5. Comunicazione dei dati<\/span><\/p>\n<p><span>Senza la necessit\u00e0 di un espresso consenso (ex art. 24 lett. a), b), d) Codice Privacy e art. 6 lett. b) e c) GDPR), il Titolare potr\u00e0 comunicare i Suoi dati per le finalit\u00e0 di cui all\u2019art. 2.A) a societ\u00e0 terze o altri soggetti (a titolo indicativo, consulenti, Internet Service Provider, etc.), a Organismi di vigilanza, Autorit\u00e0 giudiziarie, a societ\u00e0 di assicurazione per la prestazione di servizi assicurativi, nonch\u00e9 a quei soggetti ai quali la comunicazione sia obbligatoria per legge per l\u2019espletamento delle finalit\u00e0 dette.<br \/>\nDetti soggetti tratteranno i dati nella loro qualit\u00e0 di autonomi titolari del trattamento.<br \/>\nIl Titolare potr\u00e0 inoltre comunicare i suoi dati a dipendenti e collaboratori, in qualit\u00e0 di responsabili o incaricati, addetti anche temporaneamente all\u2019utilizzo dei medesimi.<br \/>\nI Suoi dati non saranno diffusi.<\/span><\/p>\n<p><span>6. Trasferimento dati<\/span><\/p>\n<p><span>I dati personali sono conservati su server ubicati all\u2019interno dell\u2019Unione Europea o presso gli Internet Service Provider da noi nominati. Resta in ogni caso inteso che il Titolare, ove si rendesse necessario, avr\u00e0 facolt\u00e0 di spostare i server anche extra-UE. In tal caso, il Titolare assicura sin d\u2019ora che il trasferimento dei dati extra-UE avverr\u00e0 in conformit\u00e0 alle disposizioni di legge applicabili, previa stipula delle clausole contrattuali standard previste dalla Commissione Europea.<\/span><\/p>\n<p><span>7. Natura del conferimento dei dati e conseguenze del rifiuto di rispondere<\/span><\/p>\n<p><span>Il conferimento dei dati per le finalit\u00e0 di cui all\u2019art. 2.A) \u00e8 obbligatorio. In loro assenza, non potremo garantirLe i Servizi dell\u2019art. 2.A).<br \/>\nIl conferimento dei dati per le finalit\u00e0 di cui all\u2019art. 2.B) \u00e8 invece facoltativo. Pu\u00f2 quindi decidere di non conferire alcun dato o di negare successivamente la possibilit\u00e0 di trattare dati gi\u00e0 forniti: in tal caso, non potr\u00e0 ricevere newsletter, comunicazioni commerciali e materiale pubblicitario inerenti ai Servizi offerti dal Titolare. Continuer\u00e0 comunque ad avere diritto ai Servizi di cui all\u2019art. 2.A).<\/span><\/p>\n<p><span>8. Diritti dell\u2019interessato<\/span><\/p>\n<p><span>Nella Sua qualit\u00e0 di interessato, ha i diritti di cui all\u2019art. 7 Codice Privacy e art. 15 GDPR e precisamente i diritti di:<\/span><\/p>\n<div><\/div>\n<p><span>9. Modalit\u00e0 di esercizio dei diritti<\/span><\/p>\n<p><span>Potr\u00e0 in qualsiasi momento esercitare i diritti inviando:<\/span><\/p>\n<ul>\n<li><span>una e-mail all\u2019indirizzo\u00a0<span id=\"cloak5eb6d30b65d7b0b7f7a51895e27a8ee3\">info@pti-italia,com<\/span><\/span><\/li>\n<\/ul>\n<p>10. Titolare, responsabile e incaricati<\/p>\n<p><span>Il Titolare del trattamento \u00e8 PTI Italia srl con sede in Via Roma, 74\u00a020060 Cassina De&#8217; Pecchi (Mi)<br \/>\nL\u2019elenco aggiornato dei responsabili e degli incaricati al trattamento \u00e8 custodito presso la sede legale del Titolare del trattamento.<\/span><\/p>\n<p><span>Gestione dei cookie:<\/span><\/p>\n<h2><span>Istruzioni disabilitazione cookies dai browsers\u00a0<\/span><\/h2>\n<p><span>Se si utilizza il browser<strong>\u00a0Google Chrome<\/strong><br \/>\nFai clic sul menu Chrome nella barra degli strumenti del browser. Selezionare &#8220;Impostazioni&#8221;. Fare clic su &#8220;Mostra impostazioni avanzate&#8221;. Nella sezione &#8220;Privacy&#8221;, fai clic sul pulsante &#8220;Impostazioni contenuti&#8221;. Nella sezione &#8220;Cookies&#8221;, selezionare &#8220;Non consentire ai siti per memorizzare i dati&#8221; e di controllo &#8220;cookie di blocco e di terze parti i dati sito&#8221;, e quindi fare clic su OK.\u00a0<\/span><\/p>\n<p><span>Se si utilizza\u00a0<strong>Internet Explorer<\/strong><br \/>\nIn Internet Explorer, fare clic su &#8220;Strumenti&#8221; poi &#8220;Opzioni Internet&#8221;. Nella scheda Privacy, spostare il cursore verso l&#8217;alto per bloccare tutti i cookie o verso il basso per consentire a tutti i cookie, e quindi fare clic su OK.\u00a0<\/span><\/p>\n<p><span>Se si utilizza il browser\u00a0<strong>Safari<\/strong><br \/>\nDal browser Safari, selezionare il menu &#8220;Modifica&#8221; e selezionare &#8220;Preferences&#8221;. Clicca su &#8220;Privacy&#8221;. Posizionare l&#8217;impostazione &#8220;cookies Block&#8221; su sempre e fare clic su OK.\u00a0<\/span><\/p>\n<p><span>Se si utilizza il browser\u00a0<strong>Firefox<\/strong><br \/>\nVai al menu &#8220;Strumenti&#8221; del browser e selezionare il menu &#8220;Opzioni&#8221;. Fare clic sulla scheda &#8220;Privacy&#8221;, deselezionare la casella &#8220;Accetta cookie&#8221; e fare clic su OK.\u00a0<\/span><\/p>\n<p><span>Se usi un qualsiasi altro browser, cerca nelle Impostazioni del browser la modalit\u00e0 di gestione dei cookies.\u00a0<\/span><\/p>\n<h2><span>Cosa sono i cookies\u00a0<\/span><\/h2>\n<p><span>I cookies sono piccoli file di testo che vengono automaticamente posizionati sul PC del navigatore all&#8217;interno del browser. Essi contengono informazioni di base sulla navigazione in Internet e grazie al browser vengono riconosciuti ogni volta che l&#8217;utente visita il sito.\u00a0<\/span><\/p>\n<h2><span>Cookie tecnici\u00a0<\/span><\/h2>\n<p><strong><span>Attivit\u00e0 strettamente necessarie al funzionamento<\/span><\/strong><span><br \/>\nQuesti cookies hanno natura tecnica e permettono al sito di funzionare correttamente. Ad esempio, mantengono l&#8217;utente collegato durante la navigazione evitando che il sito richieda di collegarsi pi\u00f9 volte per accedere alle pagine successive.\u00a0<\/span><\/p>\n<p><strong><span>Attivit\u00e0 di salvataggio delle preferenze<\/span><\/strong><span><br \/>\nQuesti cookie permettono di ricordare le preferenze selezionate dall&#8217;utente durante la navigazione, ad esempio, consentono di impostare la lingua.\u00a0<\/span><\/p>\n<p><strong><span>Attivit\u00e0 Statistiche e di Misurazione dell&#8217;audience<\/span><\/strong><span><br \/>\nQuesti cookie ci aiutano a capire, attraverso dati raccolti in forma anonima e aggregata, come gli utenti interagiscono con i nostri siti internet fornendoci informazioni relative alle sezioni visitate, il tempo trascorso sul sito, eventuali malfunzionamenti. Questo ci aiuta a migliorare la resa dei nostri siti internet.\u00a0<\/span><\/p>\n<h2><span>Cookie Statistici e di Misurazione dell&#8217;audience di terza parte\u00a0<\/span><\/h2>\n<p><span>Questi cookie (servizi web di terza parte) forniscono informazioni anonime \/ aggregate sul modo in cui i visitatori navigano sul sito. Di seguito i link alle rispettive pagine di privacy policy.\u00a0<\/span><\/p>\n<div align=\"center\">\n<table border=\"0\" cellspacing=\"0\" cellpadding=\"0\">\n<tbody>\n<tr>\n<td valign=\"top\"><span>Google<\/span><\/td>\n<td valign=\"top\"><strong><span>\u00a0Google Analytics: sistema di statistiche<\/span><\/strong><\/td>\n<td valign=\"top\"><span>\u00a0Cookies Analitici<\/span><\/td>\n<td valign=\"top\"><strong><span>\u00a0<a title=\"Privacy Analytics\" href=\"https:\/\/www.google.com\/analytics\/terms\/us.html\">Privacy Policy<\/a><\/span><\/strong><\/td>\n<\/tr>\n<\/tbody>\n<\/table>\n<\/div>\n<h2><span>Cookie di Social Media Sharing\u00a0<\/span><\/h2>\n<p><span>Questi cookie di terza parte vengono utilizzati per integrare alcune diffuse funzionalit\u00e0 dei principali social media e fornirle all&#8217;interno del sito. In particolare permettono la registrazione e l&#8217;autenticazione sul sito tramite facebook e google connect, la condivisione e i commenti di pagine del sito sui social, abilitano le funzionalit\u00e0 del &#8220;mi piace&#8221; su Facebook e del &#8220;+1&#8221; su G+.<br \/>\nDi seguito i link alle rispettive pagine di privacy policy.\u00a0<\/span><\/p>\n<div align=\"center\">\n<table border=\"0\" cellspacing=\"0\" cellpadding=\"0\">\n<tbody>\n<tr>\n<td valign=\"top\"><strong><span>Facebook<\/span><\/strong><\/td>\n<td valign=\"top\"><span>Social Media<\/span><\/td>\n<td valign=\"top\"><span>\u00a0<a href=\"https:\/\/www.facebook.com\/about\/privacy\/\">Privacy Policy<\/a><\/span><\/td>\n<\/tr>\n<tr>\n<td valign=\"top\"><strong><span>Google Plus<\/span><\/strong><\/td>\n<td valign=\"top\"><span>Social Media<\/span><\/td>\n<td valign=\"top\"><span>\u00a0<a href=\"https:\/\/www.google.com\/intl\/it\/policies\/\">Privacy Policy<\/a><\/span><\/td>\n<\/tr>\n<tr>\n<td valign=\"top\"><strong><span>Youtube<\/span><\/strong><\/td>\n<td valign=\"top\"><span>Social Media<\/span><\/td>\n<td valign=\"top\"><span>\u00a0<a href=\"https:\/\/www.youtube.com\/static?template=privacy_guidelines\">Privacy Policy<\/a><\/span><\/td>\n<\/tr>\n<tr>\n<td valign=\"top\"><strong><span>Twitter<\/span><\/strong><\/td>\n<td valign=\"top\"><span>Social Media<\/span><\/td>\n<td valign=\"top\"><span>\u00a0<a href=\"https:\/\/twitter.com\/privacy\">Privacy Policy<\/a><\/span><\/td>\n<\/tr>\n<tr>\n<td valign=\"top\"><strong><span>Linkedin<\/span><\/strong><\/td>\n<td valign=\"top\"><span>Social Media<\/span><\/td>\n<td valign=\"top\"><span>\u00a0<a href=\"https:\/\/www.linkedin.com\/legal\/privacy-policy\">Privacy Policy<\/a><\/span><\/td>\n<\/tr>\n<tr>\n<td valign=\"top\"><strong><span>Pinterest<\/span><\/strong><\/td>\n<td valign=\"top\"><span>Social Media<\/span><\/td>\n<td valign=\"top\"><span>\u00a0<a href=\"https:\/\/about.pinterest.com\/it\/privacy-policy\">Privacy Policy<\/a><\/span><\/td>\n<\/tr>\n<\/tbody>\n<\/table>\n<\/div>","protected":false},"excerpt":{"rendered":"<p>INFORMATIVA PER IL TRATTAMENTO DEI DATI PERSONALI Informativa Agenti e Rappresentanti Informativa Candidati da considerare per l&#8217;instaurazione di un rapporto di lavoro Informativa Clienti Informativa Consulenti e Liberi Professionisti, anche&#8230;<\/p>","protected":false},"author":1,"featured_media":0,"parent":0,"menu_order":0,"comment_status":"closed","ping_status":"closed","template":"","meta":{"footnotes":""},"class_list":["post-334","page","type-page","status-publish"],"_links":{"self":[{"href":"https:\/\/www.pti-italia.com\/it\/wp-json\/wp\/v2\/pages\/334","targetHints":{"allow":["GET"]}}],"collection":[{"href":"https:\/\/www.pti-italia.com\/it\/wp-json\/wp\/v2\/pages"}],"about":[{"href":"https:\/\/www.pti-italia.com\/it\/wp-json\/wp\/v2\/types\/page"}],"author":[{"embeddable":true,"href":"https:\/\/www.pti-italia.com\/it\/wp-json\/wp\/v2\/users\/1"}],"replies":[{"embeddable":true,"href":"https:\/\/www.pti-italia.com\/it\/wp-json\/wp\/v2\/comments?post=334"}],"version-history":[{"count":5,"href":"https:\/\/www.pti-italia.com\/it\/wp-json\/wp\/v2\/pages\/334\/revisions"}],"predecessor-version":[{"id":17325,"href":"https:\/\/www.pti-italia.com\/it\/wp-json\/wp\/v2\/pages\/334\/revisions\/17325"}],"wp:attachment":[{"href":"https:\/\/www.pti-italia.com\/it\/wp-json\/wp\/v2\/media?parent=334"}],"curies":[{"name":"wp","href":"https:\/\/api.w.org\/{rel}","templated":true}]}}