{"id":189,"date":"2017-12-18T23:20:38","date_gmt":"2017-12-18T22:20:38","guid":{"rendered":"http:\/\/www.ptiitalia.tk\/?page_id=189"},"modified":"2022-01-10T12:03:42","modified_gmt":"2022-01-10T11:03:42","slug":"bibbigard-by-bibby","status":"publish","type":"page","link":"https:\/\/www.pti-italia.com\/it\/bibbigard-by-bibby\/","title":{"rendered":"Bibbigard by Bibby"},"content":{"rendered":"<div id=\"fws_69def5fbde2c4\"  data-column-margin=\"default\" data-midnight=\"dark\"  class=\"wpb_row vc_row-fluid vc_row\"  style=\"padding-top: 0px; padding-bottom: 0px; \"><div class=\"row-bg-wrap\" data-bg-animation=\"none\" data-bg-overlay=\"false\"><div class=\"inner-wrap\"><div class=\"row-bg viewport-desktop\"  style=\"\"><\/div><\/div><\/div><div class=\"row_col_wrap_12 col span_12 dark left\">\n\t<div  class=\"vc_col-sm-12 wpb_column column_container vc_column_container col no-extra-padding inherit_tablet inherit_phone\"  data-padding-pos=\"all\" data-has-bg-color=\"false\" data-bg-color=\"\" data-bg-opacity=\"1\" data-animation=\"\" data-delay=\"0\" >\n\t\t<div class=\"vc_column-inner\" >\n\t\t\t<div class=\"wpb_wrapper\">\n\t\t\t\t\r\n<div class=\"nectar-animated-title\" data-style=\"color-strip-reveal\" data-color=\"accent-color\">\r\n\t<div class=\"nectar-animated-title-outer\">\r\n\t\t<div class=\"nectar-animated-title-inner\">\r\n\t\t\t<div class=\"wrap\"><h1 style=\"color: #ffffff;\">Limitatori di coppia Bibbigard<\/h1><\/div>\r\n\t\t<\/div>\r\n\t<\/div>\r\n<\/div>\n\t\t\t<\/div> \n\t\t<\/div>\n\t<\/div> \n<\/div><\/div>\r\n\t\t<div id=\"fws_69def5fbde61b\"  data-column-margin=\"90px\" data-midnight=\"dark\" data-bottom-percent=\"1%\"  class=\"wpb_row vc_row-fluid vc_row vc_row-o-equal-height vc_row-flex vc_row-o-content-middle\"  style=\"padding-top: 0px; padding-bottom: calc(100vw * 0.01); \"><div class=\"row-bg-wrap\" data-bg-animation=\"none\" data-bg-overlay=\"false\"><div class=\"inner-wrap\"><div class=\"row-bg viewport-desktop\"  style=\"\"><\/div><\/div><\/div><div class=\"row_col_wrap_12 col span_12 dark left\">\n\t<div  class=\"vc_col-sm-6 wpb_column column_container vc_column_container col no-extra-padding inherit_tablet inherit_phone\"  data-padding-pos=\"top-bottom\" data-has-bg-color=\"false\" data-bg-color=\"\" data-bg-opacity=\"1\" data-animation=\"\" data-delay=\"0\" >\n\t\t<div class=\"vc_column-inner\" >\n\t\t\t<div class=\"wpb_wrapper\">\n\t\t\t\t\r\n<div class=\"wpb_text_column wpb_content_element\" >\r\n\t<div class=\"wpb_wrapper\">\r\n\t\t<h4><strong>Fino a 169 kNm; 38.000 lbf.*<\/strong><\/h4>\n<p>I limitatori di coppia dell'elemento di sicurezza Bibbigard integrano una serie di moduli per elemento di sicurezza con una dimensione specifica, montati tra due flange e preimpostati per il rilascio a un valore di coppia specificato al fine di proteggere il sistema di azionamento da danni costosi e perdite di produzione. Possono essere utilizzati con diversi tipi di mezzi di trasmissione, molti dei quali sono disponibili presso Altra Industrial Motion. I limitatori di coppia Bibbigard sono stati utilizzati con successo in diversi settori in cui, in base alla disponibilit\u00e0 di spazio, la capacit\u00e0 di sgancio della coppia \u00e8 praticamente illimitata.<\/p>\n<ul class=\"grey\">\n<li>Ripetibilit\u00e0 precisa di sgancio della coppia<\/li>\n<li>Riaggancio manuale semplice e rapido<\/li>\n<li>Manutenzione poco onerosa<\/li>\n<li>Capacit\u00e0 di montaggio versatile<\/li>\n<\/ul>\n<h4><strong>Applicazioni tipiche<\/strong><\/h4>\n<ul class=\"grey\">\n<li>Attrezzature per acciaierie<\/li>\n<li>Nastri convogliatori<\/li>\n<li>Estrusori a doppia coclea<\/li>\n<li>Macchinari per la triturazione del legno<\/li>\n<li>Azionamento mulini a biglie<\/li>\n<li>Attrezzature per il trattamento dell'acqua<\/li>\n<li>Macchinari di perforazione<\/li>\n<\/ul>\n<h4><em><strong>DOWNLOAD:<\/strong><\/em><\/h4>\n<ul>\n<li style=\"list-style-type: none;\">\n<ul class=\"list3 col-lg-8 col-md-8 col-sm-8 col-xs-8 list3col\">\n<li><a href=\"\/pdf\/torque-catalog.pdf\" target=\"_blank\" rel=\"noopener\">Bibbygard Product catalog<\/a><\/li>\n<li><a href=\"\/pdf\/application-profile-P-7610-BB.pdf\" target=\"_blank\" rel=\"noopener\">Application profile P7610 Conveyors<\/a><\/li>\n<li><a href=\"\/pdf\/application-profile-P-7611-BB.pdf\" target=\"_blank\" rel=\"noopener\">Application profile P7611 Extruders<\/a><\/li>\n<\/ul>\n<\/li>\n<\/ul>\n\t<\/div>\r\n<\/div>\r\n\r\n\r\n\r\n\n\t\t\t<\/div> \n\t\t<\/div>\n\t<\/div> \n\n\t<div  class=\"vc_col-sm-6 wpb_column column_container vc_column_container col centered-text padding-7-percent inherit_tablet inherit_phone\"  data-padding-pos=\"left-right\" data-has-bg-color=\"false\" data-bg-color=\"\" data-bg-opacity=\"1\" data-animation=\"\" data-delay=\"0\" >\n\t\t<div class=\"vc_column-inner\" >\n\t\t\t<div class=\"wpb_wrapper\">\n\t\t\t\t<div class=\"img-with-aniamtion-wrap\" data-max-width=\"75%\" data-max-width-mobile=\"default\" data-shadow=\"none\" data-animation=\"fade-in\" >\r\n      <div class=\"inner\">\r\n        <div class=\"hover-wrap\"> \r\n          <div class=\"hover-wrap-inner\">\r\n            <img loading=\"lazy\" decoding=\"async\" class=\"img-with-animation skip-lazy\" data-delay=\"0\" height=\"190\" width=\"359\" data-animation=\"fade-in\" src=\"https:\/\/www.pti-italia.com\/wp-content\/uploads\/2017\/12\/page3_img19.jpg\" alt=\"\" srcset=\"https:\/\/www.pti-italia.com\/wp-content\/uploads\/2017\/12\/page3_img19.jpg 359w, https:\/\/www.pti-italia.com\/wp-content\/uploads\/2017\/12\/page3_img19-300x159.jpg 300w\" sizes=\"auto, (max-width: 359px) 100vw, 359px\" \/>\r\n          <\/div>\r\n        <\/div>\r\n      <\/div>\r\n    <\/div>\n\t\t\t<\/div> \n\t\t<\/div>\n\t<\/div> \n<\/div><\/div>","protected":false},"excerpt":{"rendered":"Bibbigard UP TO 169 KNM; 38,000 LBF.* Bibbigard safety element torque limiters incorporate a number of safety element modules of a specific size mounted between two flanges and preset to...","protected":false},"author":1,"featured_media":0,"parent":0,"menu_order":0,"comment_status":"closed","ping_status":"closed","template":"","meta":{"footnotes":""},"class_list":["post-189","page","type-page","status-publish"],"_links":{"self":[{"href":"https:\/\/www.pti-italia.com\/it\/wp-json\/wp\/v2\/pages\/189","targetHints":{"allow":["GET"]}}],"collection":[{"href":"https:\/\/www.pti-italia.com\/it\/wp-json\/wp\/v2\/pages"}],"about":[{"href":"https:\/\/www.pti-italia.com\/it\/wp-json\/wp\/v2\/types\/page"}],"author":[{"embeddable":true,"href":"https:\/\/www.pti-italia.com\/it\/wp-json\/wp\/v2\/users\/1"}],"replies":[{"embeddable":true,"href":"https:\/\/www.pti-italia.com\/it\/wp-json\/wp\/v2\/comments?post=189"}],"version-history":[{"count":5,"href":"https:\/\/www.pti-italia.com\/it\/wp-json\/wp\/v2\/pages\/189\/revisions"}],"predecessor-version":[{"id":17263,"href":"https:\/\/www.pti-italia.com\/it\/wp-json\/wp\/v2\/pages\/189\/revisions\/17263"}],"wp:attachment":[{"href":"https:\/\/www.pti-italia.com\/it\/wp-json\/wp\/v2\/media?parent=189"}],"curies":[{"name":"wp","href":"https:\/\/api.w.org\/{rel}","templated":true}]}}