{"id":144,"date":"2017-12-18T22:52:13","date_gmt":"2017-12-18T21:52:13","guid":{"rendered":"http:\/\/www.ptiitalia.tk\/?page_id=144"},"modified":"2022-01-10T10:35:03","modified_gmt":"2022-01-10T09:35:03","slug":"series-ii-by-bibby","status":"publish","type":"page","link":"https:\/\/www.pti-italia.com\/it\/series-ii-by-bibby\/","title":{"rendered":"Series II by Bibby"},"content":{"rendered":"<div id=\"fws_6a0610af6d9e9\"  data-column-margin=\"default\" data-midnight=\"dark\"  class=\"wpb_row vc_row-fluid vc_row\"  style=\"padding-top: 0px; padding-bottom: 0px; \"><div class=\"row-bg-wrap\" data-bg-animation=\"none\" data-bg-overlay=\"false\"><div class=\"inner-wrap\"><div class=\"row-bg viewport-desktop\"  style=\"\"><\/div><\/div><\/div><div class=\"row_col_wrap_12 col span_12 dark left\">\n\t<div  class=\"vc_col-sm-12 wpb_column column_container vc_column_container col no-extra-padding inherit_tablet inherit_phone\"  data-padding-pos=\"all\" data-has-bg-color=\"false\" data-bg-color=\"\" data-bg-opacity=\"1\" data-animation=\"\" data-delay=\"0\" >\n\t\t<div class=\"vc_column-inner\" >\n\t\t\t<div class=\"wpb_wrapper\">\n\t\t\t\t\r\n<div class=\"nectar-animated-title\" data-style=\"color-strip-reveal\" data-color=\"accent-color\">\r\n\t<div class=\"nectar-animated-title-outer\">\r\n\t\t<div class=\"nectar-animated-title-inner\">\r\n\t\t\t<div class=\"wrap\"><h1 style=\"color: #ffffff;\">Series 2<\/h1><\/div>\r\n\t\t<\/div>\r\n\t<\/div>\r\n<\/div>\n\t\t\t<\/div> \n\t\t<\/div>\n\t<\/div> \n<\/div><\/div>\r\n\t\t<div id=\"fws_6a0610af6e266\"  data-column-margin=\"90px\" data-midnight=\"dark\" data-bottom-percent=\"1%\"  class=\"wpb_row vc_row-fluid vc_row vc_row-o-equal-height vc_row-flex vc_row-o-content-middle\"  style=\"padding-top: 0px; padding-bottom: calc(100vw * 0.01); \"><div class=\"row-bg-wrap\" data-bg-animation=\"none\" data-bg-overlay=\"false\"><div class=\"inner-wrap\"><div class=\"row-bg viewport-desktop\"  style=\"\"><\/div><\/div><\/div><div class=\"row_col_wrap_12 col span_12 dark left\">\n\t<div  class=\"vc_col-sm-6 wpb_column column_container vc_column_container col no-extra-padding inherit_tablet inherit_phone\"  data-padding-pos=\"top-bottom\" data-has-bg-color=\"false\" data-bg-color=\"\" data-bg-opacity=\"1\" data-animation=\"\" data-delay=\"0\" >\n\t\t<div class=\"vc_column-inner\" >\n\t\t\t<div class=\"wpb_wrapper\">\n\t\t\t\t\r\n<div class=\"wpb_text_column wpb_content_element\" >\r\n\t<div class=\"wpb_wrapper\">\r\n\t\t<h3><strong>Fino a 147 kNm; 1.300.000 in.lbs.<\/strong><\/h3>\n<p>La forma bombata della dentatura garantisce la massima aderenza nel punto pi\u00f9 forte con la campana.\nLa serie III inoltre , grazie alla posizione delle dentature consente maggiore compensazione dei disassamenti oltre alla capacit\u00e0 di trasmettere potenza<\/p>\n<ul class=\"grey\">\n<li>diversi Modelli disponibili per l'utilizzo su alberi verticali e\/o orizzontali<\/li>\n<li>Capacit\u00e0 del mozzo di alloggiare alberi fino a 510 mm<\/li>\n<li>Elevato rapporto coppia \/ peso<\/li>\n<li>Intercambiabilit\u00e0 met\u00e0 per met\u00e0<\/li>\n<\/ul>\n<h3><strong>Applicazioni tipiche:<\/strong><\/h3>\n<ul class=\"grey\">\n<li>Turbine a vapore<\/li>\n<li>Macchine da stampa<\/li>\n<li>Motori ad alta coppia<\/li>\n<\/ul>\n<h3><em><strong>DOWNLOAD:<\/strong><\/em><\/h3>\n<ul>\n<li style=\"list-style-type: none;\">\n<ul class=\"list3 col-lg-8 col-md-8 col-sm-8 col-xs-8 list3col\">\n<li><a href=\"\/pdf\/gear-couplings-catalog.pdf\" target=\"_blank\" rel=\"noopener\">Gear Couplings Product catalog<\/a><\/li>\n<\/ul>\n<\/li>\n<\/ul>\n\t<\/div>\r\n<\/div>\r\n\r\n\r\n\r\n\n\t\t\t<\/div> \n\t\t<\/div>\n\t<\/div> \n\n\t<div  class=\"vc_col-sm-6 wpb_column column_container vc_column_container col centered-text padding-2-percent inherit_tablet inherit_phone\"  data-padding-pos=\"left-right\" data-has-bg-color=\"false\" data-bg-color=\"\" data-bg-opacity=\"1\" data-animation=\"\" data-delay=\"0\" >\n\t\t<div class=\"vc_column-inner\" >\n\t\t\t<div class=\"wpb_wrapper\">\n\t\t\t\t<div class=\"img-with-aniamtion-wrap\" data-max-width=\"125%\" data-max-width-mobile=\"default\" data-shadow=\"none\" data-animation=\"fade-in\" >\r\n      <div class=\"inner\">\r\n        <div class=\"hover-wrap\"> \r\n          <div class=\"hover-wrap-inner\">\r\n            <img loading=\"lazy\" decoding=\"async\" class=\"img-with-animation skip-lazy\" data-delay=\"0\" height=\"190\" width=\"359\" data-animation=\"fade-in\" src=\"https:\/\/www.pti-italia.com\/wp-content\/uploads\/2017\/12\/page3_img4.jpg\" alt=\"\" srcset=\"https:\/\/www.pti-italia.com\/wp-content\/uploads\/2017\/12\/page3_img4.jpg 359w, https:\/\/www.pti-italia.com\/wp-content\/uploads\/2017\/12\/page3_img4-300x159.jpg 300w\" sizes=\"auto, (max-width: 359px) 100vw, 359px\" \/>\r\n          <\/div>\r\n        <\/div>\r\n      <\/div>\r\n    <\/div>\n\t\t\t<\/div> \n\t\t<\/div>\n\t<\/div> \n<\/div><\/div>","protected":false},"excerpt":{"rendered":"Series 2 UP TO 147 KNM; 1,300,000 IN.LBS. Fully-crowned gear teeth provide maximum contact at the strongest part of the tooth. Models available for use on vertical and\/or horizontal shafts...","protected":false},"author":1,"featured_media":0,"parent":0,"menu_order":0,"comment_status":"closed","ping_status":"closed","template":"","meta":{"footnotes":""},"class_list":["post-144","page","type-page","status-publish"],"_links":{"self":[{"href":"https:\/\/www.pti-italia.com\/it\/wp-json\/wp\/v2\/pages\/144","targetHints":{"allow":["GET"]}}],"collection":[{"href":"https:\/\/www.pti-italia.com\/it\/wp-json\/wp\/v2\/pages"}],"about":[{"href":"https:\/\/www.pti-italia.com\/it\/wp-json\/wp\/v2\/types\/page"}],"author":[{"embeddable":true,"href":"https:\/\/www.pti-italia.com\/it\/wp-json\/wp\/v2\/users\/1"}],"replies":[{"embeddable":true,"href":"https:\/\/www.pti-italia.com\/it\/wp-json\/wp\/v2\/comments?post=144"}],"version-history":[{"count":7,"href":"https:\/\/www.pti-italia.com\/it\/wp-json\/wp\/v2\/pages\/144\/revisions"}],"predecessor-version":[{"id":17250,"href":"https:\/\/www.pti-italia.com\/it\/wp-json\/wp\/v2\/pages\/144\/revisions\/17250"}],"wp:attachment":[{"href":"https:\/\/www.pti-italia.com\/it\/wp-json\/wp\/v2\/media?parent=144"}],"curies":[{"name":"wp","href":"https:\/\/api.w.org\/{rel}","templated":true}]}}